{"id":6110,"date":"2026-01-05T16:07:37","date_gmt":"2026-01-05T16:07:37","guid":{"rendered":"https:\/\/glassmetal.lu\/?page_id=6110"},"modified":"2026-01-05T19:52:52","modified_gmt":"2026-01-05T19:52:52","slug":"contact-2","status":"publish","type":"page","link":"https:\/\/glassmetal.lu\/?page_id=6110","title":{"rendered":"Contact"},"content":{"rendered":"\t\t<div data-elementor-type=\"wp-page\" data-elementor-id=\"6110\" class=\"elementor elementor-6110\">\n\t\t\t\t<div class=\"elementor-element elementor-element-9feebda e-flex e-con-boxed e-con e-parent\" data-id=\"9feebda\" data-element_type=\"container\">\n\t\t\t\t\t<div class=\"e-con-inner\">\n\t\t\t\t<div class=\"elementor-element elementor-element-a226271 animated-fast elementor-invisible elementor-widget elementor-widget-heading\" data-id=\"a226271\" data-element_type=\"widget\" data-settings=\"{&quot;_animation&quot;:&quot;opal-move-up&quot;}\" data-widget_type=\"heading.default\">\n\t\t\t\t\t<h4 class=\"elementor-heading-title elementor-size-default\">Que vous souhaitiez prendre rendez-vous, poser une question ou simplement nous faire part de vos impressions, nous serons ravis de vous \u00e9couter !<\/h4>\t\t\t\t<\/div>\n\t\t\t\t<div class=\"elementor-element elementor-element-98ee051 animated-fast elementor-invisible elementor-widget elementor-widget-image\" data-id=\"98ee051\" data-element_type=\"widget\" data-settings=\"{&quot;_animation&quot;:&quot;opal-move-up&quot;}\" data-widget_type=\"image.default\">\n\t\t\t\t\t\t\t\t\t\t\t\t\t\t\t<img fetchpriority=\"high\" decoding=\"async\" width=\"640\" height=\"640\" src=\"https:\/\/glassmetal.lu\/wp-content\/uploads\/2025\/05\/calendar.gif\" class=\"attachment-large size-large wp-image-1044\" alt=\"\" \/>\t\t\t\t\t\t\t\t\t\t\t\t\t\t\t<\/div>\n\t\t<div class=\"elementor-element elementor-element-d0eefd9 e-grid e-con-full e-con e-child\" data-id=\"d0eefd9\" data-element_type=\"container\">\n\t\t<div class=\"elementor-element elementor-element-4c8f4dc e-con-full animated-fast e-flex elementor-invisible e-con e-child\" data-id=\"4c8f4dc\" data-element_type=\"container\" data-settings=\"{&quot;animation&quot;:&quot;opal-move-up&quot;}\">\n\t\t\t\t<div class=\"elementor-element elementor-element-14e93de elementor-widget elementor-widget-text-editor\" data-id=\"14e93de\" data-element_type=\"widget\" data-widget_type=\"text-editor.default\">\n\t\t\t\t\t\t\t\t\t<p>Headquarter<\/p>\t\t\t\t\t\t\t\t<\/div>\n\t\t\t\t<div class=\"elementor-element elementor-element-d36604d elementor-widget elementor-widget-heading\" data-id=\"d36604d\" data-element_type=\"widget\" data-widget_type=\"heading.default\">\n\t\t\t\t\t<h6 class=\"elementor-heading-title elementor-size-default\">3 Zac Haneboesch II, \nDifferdange Luxembourg<\/h6>\t\t\t\t<\/div>\n\t\t\t\t<\/div>\n\t\t<div class=\"elementor-element elementor-element-bbf3595 e-con-full animated-fast e-flex elementor-invisible e-con e-child\" data-id=\"bbf3595\" data-element_type=\"container\" data-settings=\"{&quot;animation&quot;:&quot;opal-move-up&quot;,&quot;animation_delay&quot;:100}\">\n\t\t\t\t<div class=\"elementor-element elementor-element-d55de35 elementor-widget elementor-widget-text-editor\" data-id=\"d55de35\" data-element_type=\"widget\" data-widget_type=\"text-editor.default\">\n\t\t\t\t\t\t\t\t\t<p>Give Us a Call<\/p>\t\t\t\t\t\t\t\t<\/div>\n\t\t\t\t<div class=\"elementor-element elementor-element-c8cef94 elementor-widget elementor-widget-heading\" data-id=\"c8cef94\" data-element_type=\"widget\" data-widget_type=\"heading.default\">\n\t\t\t\t\t<h5 class=\"elementor-heading-title elementor-size-default\">+352 691 907 409<\/h5>\t\t\t\t<\/div>\n\t\t\t\t<\/div>\n\t\t<div class=\"elementor-element elementor-element-e26b432 e-con-full animated-fast e-flex elementor-invisible e-con e-child\" data-id=\"e26b432\" data-element_type=\"container\" data-settings=\"{&quot;animation&quot;:&quot;opal-move-up&quot;,&quot;animation_delay&quot;:200}\">\n\t\t\t\t<div class=\"elementor-element elementor-element-846be5c elementor-widget elementor-widget-text-editor\" data-id=\"846be5c\" data-element_type=\"widget\" data-widget_type=\"text-editor.default\">\n\t\t\t\t\t\t\t\t\t<p>Email Us<\/p>\t\t\t\t\t\t\t\t<\/div>\n\t\t\t\t<div class=\"elementor-element elementor-element-37c00aa elementor-widget elementor-widget-heading\" data-id=\"37c00aa\" data-element_type=\"widget\" data-widget_type=\"heading.default\">\n\t\t\t\t\t<h6 class=\"elementor-heading-title elementor-size-default\">info@glassmetal.lu<\/h6>\t\t\t\t<\/div>\n\t\t\t\t<\/div>\n\t\t\t\t<\/div>\n\t\t<div class=\"elementor-element elementor-element-2db1e90 e-con-full animated-fast e-flex elementor-invisible e-con e-child\" data-id=\"2db1e90\" data-element_type=\"container\" data-settings=\"{&quot;background_background&quot;:&quot;classic&quot;,&quot;animation&quot;:&quot;opal-scale-up&quot;}\">\n\t\t\t\t<div class=\"elementor-element elementor-element-08fea16 elementor-widget elementor-widget-heading\" data-id=\"08fea16\" data-element_type=\"widget\" data-widget_type=\"heading.default\">\n\t\t\t\t\t<h4 class=\"elementor-heading-title elementor-size-default\">Contact<\/h4>\t\t\t\t<\/div>\n\t\t\t\t<div class=\"elementor-element elementor-element-e401373 elementor-widget elementor-widget-text-editor\" data-id=\"e401373\" data-element_type=\"widget\" data-widget_type=\"text-editor.default\">\n\t\t\t\t\t\t\t\t\t<p>Remplissez toutes les informations n\u00e9cessaires afin de nous consulter et b\u00e9n\u00e9ficier de nos services.<\/p>\t\t\t\t\t\t\t\t<\/div>\n\t\t\t\t<div class=\"elementor-element elementor-element-ee17620 elementor-widget elementor-widget-fikco-contactform\" data-id=\"ee17620\" data-element_type=\"widget\" data-widget_type=\"fikco-contactform.default\">\n\t\t\t\t<div class=\"elementor-widget-container\">\n\t\t\t\t\t\n<div class=\"wpcf7 no-js\" id=\"wpcf7-f87-o1\" lang=\"en-US\" dir=\"ltr\" data-wpcf7-id=\"87\">\n<div class=\"screen-reader-response\"><p role=\"status\" aria-live=\"polite\" aria-atomic=\"true\"><\/p> <ul><\/ul><\/div>\n<form action=\"\/index.php?rest_route=%2Fwp%2Fv2%2Fpages%2F6110#wpcf7-f87-o1\" method=\"post\" class=\"wpcf7-form init\" aria-label=\"Contact form\" novalidate=\"novalidate\" data-status=\"init\">\n<fieldset class=\"hidden-fields-container\"><input type=\"hidden\" name=\"_wpcf7\" value=\"87\" \/><input type=\"hidden\" name=\"_wpcf7_version\" value=\"6.1.4\" \/><input type=\"hidden\" name=\"_wpcf7_locale\" value=\"en_US\" \/><input type=\"hidden\" name=\"_wpcf7_unit_tag\" value=\"wpcf7-f87-o1\" \/><input type=\"hidden\" name=\"_wpcf7_container_post\" value=\"0\" \/><input type=\"hidden\" name=\"_wpcf7_posted_data_hash\" value=\"\" \/>\n<\/fieldset>\n<div class=\"row\">\n\t<div class=\"column-100\">\n\t\t<p><span class=\"wpcf7-form-control-wrap\" data-name=\"your-name\"><input size=\"40\" maxlength=\"400\" class=\"wpcf7-form-control wpcf7-text wpcf7-validates-as-required\" autocomplete=\"name\" aria-required=\"true\" aria-invalid=\"false\" placeholder=\"Votre pr\u00e9nom &amp; nom\" value=\"\" type=\"text\" name=\"your-name\" \/><\/span>\n\t\t<\/p>\n\t<\/div>\n\t<div class=\"column-50\">\n\t\t<p><span class=\"wpcf7-form-control-wrap\" data-name=\"your-email\"><input size=\"40\" maxlength=\"400\" class=\"wpcf7-form-control wpcf7-email wpcf7-validates-as-required wpcf7-text wpcf7-validates-as-email\" autocomplete=\"email\" aria-required=\"true\" aria-invalid=\"false\" placeholder=\"Email\" value=\"\" type=\"email\" name=\"your-email\" \/><\/span>\n\t\t<\/p>\n\t<\/div>\n\t<div class=\"column-50\">\n\t\t<p><span class=\"wpcf7-form-control-wrap\" data-name=\"tel-412\"><input size=\"40\" maxlength=\"400\" class=\"wpcf7-form-control wpcf7-tel wpcf7-validates-as-required wpcf7-text wpcf7-validates-as-tel\" aria-required=\"true\" aria-invalid=\"false\" placeholder=\"T\u00e9l\u00e9phone\" value=\"\" type=\"tel\" name=\"tel-412\" \/><\/span>\n\t\t<\/p>\n\t<\/div>\n\t<div class=\"column-100\">\n\t\t<p><span class=\"wpcf7-form-control-wrap\" data-name=\"your-message\"><textarea cols=\"40\" rows=\"4\" maxlength=\"2000\" class=\"wpcf7-form-control wpcf7-textarea\" aria-invalid=\"false\" placeholder=\"Message\" name=\"your-message\"><\/textarea><\/span>\n\t\t<\/p>\n\t<\/div>\n\t<div class=\"column-100 wpcf7-button\">\n\t\t<p><button type=\"submit\" value=\"Envoyer\"><span class=\"elementor-button-content-wrapper\"><span class=\"hover-text\" data-name=\"Envoyer\"><span>Envoyer<\/span><\/span><span class=\"elementor-button-icon\"><i class=\"fikco-icon-arrow-right\"><\/i><\/span><\/span><\/button>\n\t\t<\/p>\n\t<\/div>\n<\/div><div class=\"wpcf7-response-output\" aria-hidden=\"true\"><\/div>\n<\/form>\n<\/div>\n\t\t\t\t<\/div>\n\t\t\t\t<\/div>\n\t\t\t\t<\/div>\n\t\t\t\t\t<\/div>\n\t\t\t\t<\/div>\n\t\t\t\t<\/div>\n\t\t","protected":false},"excerpt":{"rendered":"<p>Que vous souhaitiez prendre rendez-vous, poser une question ou simplement nous faire part de vos impressions, nous serons ravis de vous \u00e9couter ! Headquarter 3 Zac Haneboesch II, Differdange Luxembourg Give Us a Call +352 691 907 409 Email Us info@glassmetal.lu Contact Remplissez toutes les informations n\u00e9cessaires afin de nous consulter et b\u00e9n\u00e9ficier de nos [&hellip;]<\/p>\n","protected":false},"author":1,"featured_media":0,"parent":0,"menu_order":0,"comment_status":"closed","ping_status":"closed","template":"template-homepage.php","meta":{"footnotes":""},"class_list":["post-6110","page","type-page","status-publish","hentry"],"_links":{"self":[{"href":"https:\/\/glassmetal.lu\/index.php?rest_route=\/wp\/v2\/pages\/6110","targetHints":{"allow":["GET"]}}],"collection":[{"href":"https:\/\/glassmetal.lu\/index.php?rest_route=\/wp\/v2\/pages"}],"about":[{"href":"https:\/\/glassmetal.lu\/index.php?rest_route=\/wp\/v2\/types\/page"}],"author":[{"embeddable":true,"href":"https:\/\/glassmetal.lu\/index.php?rest_route=\/wp\/v2\/users\/1"}],"replies":[{"embeddable":true,"href":"https:\/\/glassmetal.lu\/index.php?rest_route=%2Fwp%2Fv2%2Fcomments&post=6110"}],"version-history":[{"count":13,"href":"https:\/\/glassmetal.lu\/index.php?rest_route=\/wp\/v2\/pages\/6110\/revisions"}],"predecessor-version":[{"id":6238,"href":"https:\/\/glassmetal.lu\/index.php?rest_route=\/wp\/v2\/pages\/6110\/revisions\/6238"}],"wp:attachment":[{"href":"https:\/\/glassmetal.lu\/index.php?rest_route=%2Fwp%2Fv2%2Fmedia&parent=6110"}],"curies":[{"name":"wp","href":"https:\/\/api.w.org\/{rel}","templated":true}]}}