{"id":6069,"date":"2026-01-05T15:59:55","date_gmt":"2026-01-05T15:59:55","guid":{"rendered":"https:\/\/glassmetal.lu\/?page_id=6069"},"modified":"2026-01-05T19:51:33","modified_gmt":"2026-01-05T19:51:33","slug":"glass-metal","status":"publish","type":"page","link":"https:\/\/glassmetal.lu\/?page_id=6069","title":{"rendered":"Glass-Metal Constructions"},"content":{"rendered":"\t\t<div data-elementor-type=\"wp-page\" data-elementor-id=\"6069\" class=\"elementor elementor-6069\">\n\t\t\t\t<div class=\"elementor-element elementor-element-bc07e45 e-flex e-con-boxed e-con e-parent\" data-id=\"bc07e45\" data-element_type=\"container\">\n\t\t\t\t\t<div class=\"e-con-inner\">\n\t\t\t\t<div class=\"elementor-element elementor-element-9d08368 elementor-widget elementor-widget-spacer\" data-id=\"9d08368\" data-element_type=\"widget\" data-widget_type=\"spacer.default\">\n\t\t\t\t\t\t\t<div class=\"elementor-spacer\">\n\t\t\t<div class=\"elementor-spacer-inner\"><\/div>\n\t\t<\/div>\n\t\t\t\t\t\t<\/div>\n\t\t\t\t\t<\/div>\n\t\t\t\t<\/div>\n\t\t<div class=\"elementor-element elementor-element-2cb6dff e-flex e-con-boxed e-con e-parent\" data-id=\"2cb6dff\" data-element_type=\"container\">\n\t\t\t\t\t<div class=\"e-con-inner\">\n\t\t\t\t<div class=\"elementor-element elementor-element-cbe0678 animated-fast elementor-invisible elementor-widget elementor-widget-fikco_animated-headline\" data-id=\"cbe0678\" data-element_type=\"widget\" data-settings=\"{&quot;_animation&quot;:&quot;opal-move-up&quot;}\" data-widget_type=\"fikco_animated-headline.default\">\n\t\t\t\t<div class=\"elementor-widget-container\">\n\t\t\t\t\t        <h2  class=\"elementor-headline\">\n                    <span class=\"elementor-headline-plain-text elementor-headline-text-wrapper\">Des services de la plus haute qualit\u00e9<\/span>\n                <span class=\"elementor-headline-dynamic-wrapper elementor-headline-text-wrapper\">\n                    <span class=\"elementor-headline-dynamic-text elementor-headline-text-active\">pour vos projets<\/span>\n        \t\t<\/span>\n                <\/h2>\n        \t\t\t\t<\/div>\n\t\t\t\t<\/div>\n\t\t\t\t\t<\/div>\n\t\t\t\t<\/div>\n\t\t<div class=\"elementor-element elementor-element-b156630 e-flex e-con-boxed e-con e-parent\" data-id=\"b156630\" data-element_type=\"container\">\n\t\t\t\t\t<div class=\"e-con-inner\">\n\t\t\t\t<div class=\"elementor-element elementor-element-a5f5319 animated-fast elementor-invisible elementor-widget elementor-widget-text-editor\" data-id=\"a5f5319\" data-element_type=\"widget\" data-settings=\"{&quot;_animation&quot;:&quot;opal-move-up&quot;}\" data-widget_type=\"text-editor.default\">\n\t\t\t\t\t\t\t\t\t<p data-start=\"133\" data-end=\"523\">Bas\u00e9e au Luxembourg, <strong data-start=\"154\" data-end=\"169\">Glass Metal<\/strong> est sp\u00e9cialis\u00e9e dans la r\u00e9alisation de structures en m\u00e9tal, inox et verre, alliant savoir-faire artisanal et technologies modernes. Nous concevons et fabriquons des escaliers, garde-corps, verri\u00e8res, portes et tout type de structures sur mesure pour donner vie \u00e0 vos projets architecturaux, qu\u2019ils soient r\u00e9sidentiels ou professionnels.<\/p><p data-start=\"525\" data-end=\"817\">Notre \u00e9quipe met un point d\u2019honneur \u00e0 vous offrir des r\u00e9alisations soign\u00e9es, durables et esth\u00e9tiques, avec une attention port\u00e9e aux moindres d\u00e9tails. Gr\u00e2ce \u00e0 notre exp\u00e9rience et \u00e0 notre \u00e9coute, nous transformons vos id\u00e9es en cr\u00e9ations uniques qui allient \u00e9l\u00e9gance, fonctionnalit\u00e9 et solidit\u00e9.<\/p><p data-start=\"819\" data-end=\"1010\">Que ce soit pour un projet neuf ou une r\u00e9novation, Glass Metal est votre partenaire de confiance au Luxembourg pour sublimer vos espaces avec des structures m\u00e9talliques et vitr\u00e9es sur mesure.<\/p>\t\t\t\t\t\t\t\t<\/div>\n\t\t\t\t\t<\/div>\n\t\t\t\t<\/div>\n\t\t<div class=\"elementor-element elementor-element-4f929e2 e-flex e-con-boxed e-con e-parent\" data-id=\"4f929e2\" data-element_type=\"container\" data-settings=\"{&quot;background_background&quot;:&quot;classic&quot;}\">\n\t\t\t\t\t<div class=\"e-con-inner\">\n\t\t\t\t<div class=\"elementor-element elementor-element-bd38fde animated-fast elementor-invisible elementor-widget elementor-widget-heading\" data-id=\"bd38fde\" data-element_type=\"widget\" data-settings=\"{&quot;_animation&quot;:&quot;opal-move-up&quot;}\" data-widget_type=\"heading.default\">\n\t\t\t\t\t<h2 class=\"elementor-heading-title elementor-size-default\">Nous sommes \u00e0 votre service<\/h2>\t\t\t\t<\/div>\n\t\t\t\t\t<\/div>\n\t\t\t\t<\/div>\n\t\t\t\t<\/div>\n\t\t","protected":false},"excerpt":{"rendered":"<p>Des services de la plus haute qualit\u00e9 pour vos projets Bas\u00e9e au Luxembourg, Glass Metal est sp\u00e9cialis\u00e9e dans la r\u00e9alisation de structures en m\u00e9tal, inox et verre, alliant savoir-faire artisanal et technologies modernes. Nous concevons et fabriquons des escaliers, garde-corps, verri\u00e8res, portes et tout type de structures sur mesure pour donner vie \u00e0 vos projets [&hellip;]<\/p>\n","protected":false},"author":1,"featured_media":0,"parent":0,"menu_order":0,"comment_status":"closed","ping_status":"closed","template":"template-homepage.php","meta":{"footnotes":""},"class_list":["post-6069","page","type-page","status-publish","hentry"],"_links":{"self":[{"href":"https:\/\/glassmetal.lu\/index.php?rest_route=\/wp\/v2\/pages\/6069","targetHints":{"allow":["GET"]}}],"collection":[{"href":"https:\/\/glassmetal.lu\/index.php?rest_route=\/wp\/v2\/pages"}],"about":[{"href":"https:\/\/glassmetal.lu\/index.php?rest_route=\/wp\/v2\/types\/page"}],"author":[{"embeddable":true,"href":"https:\/\/glassmetal.lu\/index.php?rest_route=\/wp\/v2\/users\/1"}],"replies":[{"embeddable":true,"href":"https:\/\/glassmetal.lu\/index.php?rest_route=%2Fwp%2Fv2%2Fcomments&post=6069"}],"version-history":[{"count":11,"href":"https:\/\/glassmetal.lu\/index.php?rest_route=\/wp\/v2\/pages\/6069\/revisions"}],"predecessor-version":[{"id":6235,"href":"https:\/\/glassmetal.lu\/index.php?rest_route=\/wp\/v2\/pages\/6069\/revisions\/6235"}],"wp:attachment":[{"href":"https:\/\/glassmetal.lu\/index.php?rest_route=%2Fwp%2Fv2%2Fmedia&parent=6069"}],"curies":[{"name":"wp","href":"https:\/\/api.w.org\/{rel}","templated":true}]}}